{"id":1211,"date":"2021-05-29T12:34:39","date_gmt":"2021-05-29T10:34:39","guid":{"rendered":"http:\/\/www.restaurantemadaixagane.es\/?page_id=1211"},"modified":"2024-01-18T21:19:51","modified_gmt":"2024-01-18T20:19:51","slug":"cuestionario-de-calidad","status":"publish","type":"page","link":"http:\/\/www.restaurantemadaixagane.es\/en\/cuestionario-de-calidad\/","title":{"rendered":"Cuestionario de Calidad"},"content":{"rendered":"<div class=\"wpforms-container wpforms-container-full\" id=\"wpforms-1210\"><form id=\"wpforms-form-1210\" class=\"wpforms-validate wpforms-form\" data-formid=\"1210\" method=\"post\" enctype=\"multipart\/form-data\" action=\"\/en\/wp-json\/wp\/v2\/pages\/1211\" data-token=\"02bc13491c385fc83e2226bcaf8cb807\"><noscript class=\"wpforms-error-noscript\">Please enable JavaScript in your browser to complete this form.<\/noscript><div class=\"wpforms-field-container\"><div id=\"wpforms-1210-field_5-container\" class=\"wpforms-field wpforms-field-checkbox wpforms-list-inline\" data-field-id=\"5\"><label class=\"wpforms-field-label\" for=\"wpforms-1210-field_5\">Accesos y comunicaciones<\/label><ul id=\"wpforms-1210-field_5\"><li class=\"choice-1 depth-1\"><input type=\"checkbox\" id=\"wpforms-1210-field_5_1\" name=\"wpforms[fields][5][]\" value=\"1\"  ><label class=\"wpforms-field-label-inline\" for=\"wpforms-1210-field_5_1\">1<\/label><\/li><li class=\"choice-2 depth-1\"><input type=\"checkbox\" id=\"wpforms-1210-field_5_2\" name=\"wpforms[fields][5][]\" value=\"2\"  ><label class=\"wpforms-field-label-inline\" for=\"wpforms-1210-field_5_2\">2<\/label><\/li><li class=\"choice-3 depth-1\"><input type=\"checkbox\" id=\"wpforms-1210-field_5_3\" name=\"wpforms[fields][5][]\" value=\"3\"  ><label class=\"wpforms-field-label-inline\" for=\"wpforms-1210-field_5_3\">3<\/label><\/li><li class=\"choice-4 depth-1\"><input type=\"checkbox\" id=\"wpforms-1210-field_5_4\" name=\"wpforms[fields][5][]\" value=\"4\"  ><label class=\"wpforms-field-label-inline\" for=\"wpforms-1210-field_5_4\">4<\/label><\/li><li class=\"choice-5 depth-1\"><input type=\"checkbox\" id=\"wpforms-1210-field_5_5\" name=\"wpforms[fields][5][]\" value=\"5\"  ><label class=\"wpforms-field-label-inline\" for=\"wpforms-1210-field_5_5\">5<\/label><\/li><\/ul><div class=\"wpforms-field-description\">Valore del 1 (excelente) al 5 (muy mal) las siguientes cuestiones<\/div><\/div><div id=\"wpforms-1210-field_7-container\" class=\"wpforms-field wpforms-field-checkbox wpforms-list-inline\" data-field-id=\"7\"><label class=\"wpforms-field-label\" for=\"wpforms-1210-field_7\">Comodidad del local<\/label><ul id=\"wpforms-1210-field_7\"><li class=\"choice-1 depth-1\"><input type=\"checkbox\" id=\"wpforms-1210-field_7_1\" name=\"wpforms[fields][7][]\" value=\"1\"  ><label class=\"wpforms-field-label-inline\" for=\"wpforms-1210-field_7_1\">1<\/label><\/li><li class=\"choice-2 depth-1\"><input type=\"checkbox\" id=\"wpforms-1210-field_7_2\" name=\"wpforms[fields][7][]\" value=\"2\"  ><label class=\"wpforms-field-label-inline\" for=\"wpforms-1210-field_7_2\">2<\/label><\/li><li class=\"choice-3 depth-1\"><input type=\"checkbox\" id=\"wpforms-1210-field_7_3\" name=\"wpforms[fields][7][]\" value=\"3\"  ><label class=\"wpforms-field-label-inline\" for=\"wpforms-1210-field_7_3\">3<\/label><\/li><li class=\"choice-4 depth-1\"><input type=\"checkbox\" id=\"wpforms-1210-field_7_4\" name=\"wpforms[fields][7][]\" value=\"4\"  ><label class=\"wpforms-field-label-inline\" for=\"wpforms-1210-field_7_4\">4<\/label><\/li><li class=\"choice-5 depth-1\"><input type=\"checkbox\" id=\"wpforms-1210-field_7_5\" name=\"wpforms[fields][7][]\" value=\"5\"  ><label class=\"wpforms-field-label-inline\" for=\"wpforms-1210-field_7_5\">5<\/label><\/li><\/ul><div class=\"wpforms-field-description\">Valore del 1 (excelente) al 5 (muy mal) las siguientes cuestiones<\/div><\/div><div id=\"wpforms-1210-field_8-container\" class=\"wpforms-field wpforms-field-checkbox wpforms-list-inline\" data-field-id=\"8\"><label class=\"wpforms-field-label\" for=\"wpforms-1210-field_8\">Tranquilidad del local<\/label><ul id=\"wpforms-1210-field_8\"><li class=\"choice-1 depth-1\"><input type=\"checkbox\" id=\"wpforms-1210-field_8_1\" name=\"wpforms[fields][8][]\" value=\"1\"  ><label class=\"wpforms-field-label-inline\" for=\"wpforms-1210-field_8_1\">1<\/label><\/li><li class=\"choice-2 depth-1\"><input type=\"checkbox\" id=\"wpforms-1210-field_8_2\" name=\"wpforms[fields][8][]\" value=\"2\"  ><label class=\"wpforms-field-label-inline\" for=\"wpforms-1210-field_8_2\">2<\/label><\/li><li class=\"choice-3 depth-1\"><input type=\"checkbox\" id=\"wpforms-1210-field_8_3\" name=\"wpforms[fields][8][]\" value=\"3\"  ><label class=\"wpforms-field-label-inline\" for=\"wpforms-1210-field_8_3\">3<\/label><\/li><li class=\"choice-4 depth-1\"><input type=\"checkbox\" id=\"wpforms-1210-field_8_4\" name=\"wpforms[fields][8][]\" value=\"4\"  ><label class=\"wpforms-field-label-inline\" for=\"wpforms-1210-field_8_4\">4<\/label><\/li><li class=\"choice-5 depth-1\"><input type=\"checkbox\" id=\"wpforms-1210-field_8_5\" name=\"wpforms[fields][8][]\" value=\"5\"  ><label class=\"wpforms-field-label-inline\" for=\"wpforms-1210-field_8_5\">5<\/label><\/li><\/ul><div class=\"wpforms-field-description\">Valore del 1 (excelente) al 5 (muy mal) las siguientes cuestiones<\/div><\/div><div id=\"wpforms-1210-field_9-container\" class=\"wpforms-field wpforms-field-checkbox wpforms-list-inline\" data-field-id=\"9\"><label class=\"wpforms-field-label\" for=\"wpforms-1210-field_9\">Limpieza del local<\/label><ul id=\"wpforms-1210-field_9\"><li class=\"choice-1 depth-1\"><input type=\"checkbox\" id=\"wpforms-1210-field_9_1\" name=\"wpforms[fields][9][]\" value=\"1\"  ><label class=\"wpforms-field-label-inline\" for=\"wpforms-1210-field_9_1\">1<\/label><\/li><li class=\"choice-2 depth-1\"><input type=\"checkbox\" id=\"wpforms-1210-field_9_2\" name=\"wpforms[fields][9][]\" value=\"2\"  ><label class=\"wpforms-field-label-inline\" for=\"wpforms-1210-field_9_2\">2<\/label><\/li><li class=\"choice-3 depth-1\"><input type=\"checkbox\" id=\"wpforms-1210-field_9_3\" name=\"wpforms[fields][9][]\" value=\"3\"  ><label class=\"wpforms-field-label-inline\" for=\"wpforms-1210-field_9_3\">3<\/label><\/li><li class=\"choice-4 depth-1\"><input type=\"checkbox\" id=\"wpforms-1210-field_9_4\" name=\"wpforms[fields][9][]\" value=\"4\"  ><label class=\"wpforms-field-label-inline\" for=\"wpforms-1210-field_9_4\">4<\/label><\/li><li class=\"choice-5 depth-1\"><input type=\"checkbox\" id=\"wpforms-1210-field_9_5\" name=\"wpforms[fields][9][]\" value=\"5\"  ><label class=\"wpforms-field-label-inline\" for=\"wpforms-1210-field_9_5\">5<\/label><\/li><\/ul><div class=\"wpforms-field-description\">Valore del 1 (excelente) al 5 (muy mal) las siguientes cuestiones<\/div><\/div><div id=\"wpforms-1210-field_10-container\" class=\"wpforms-field wpforms-field-checkbox wpforms-list-inline\" data-field-id=\"10\"><label class=\"wpforms-field-label\" for=\"wpforms-1210-field_10\">Climatizaci\u00f3n y temperatura<\/label><ul id=\"wpforms-1210-field_10\"><li class=\"choice-1 depth-1\"><input type=\"checkbox\" id=\"wpforms-1210-field_10_1\" name=\"wpforms[fields][10][]\" value=\"1\"  ><label class=\"wpforms-field-label-inline\" for=\"wpforms-1210-field_10_1\">1<\/label><\/li><li class=\"choice-2 depth-1\"><input type=\"checkbox\" id=\"wpforms-1210-field_10_2\" name=\"wpforms[fields][10][]\" value=\"2\"  ><label class=\"wpforms-field-label-inline\" for=\"wpforms-1210-field_10_2\">2<\/label><\/li><li class=\"choice-3 depth-1\"><input type=\"checkbox\" id=\"wpforms-1210-field_10_3\" name=\"wpforms[fields][10][]\" value=\"3\"  ><label class=\"wpforms-field-label-inline\" for=\"wpforms-1210-field_10_3\">3<\/label><\/li><li class=\"choice-4 depth-1\"><input type=\"checkbox\" id=\"wpforms-1210-field_10_4\" name=\"wpforms[fields][10][]\" value=\"4\"  ><label class=\"wpforms-field-label-inline\" for=\"wpforms-1210-field_10_4\">4<\/label><\/li><li class=\"choice-5 depth-1\"><input type=\"checkbox\" id=\"wpforms-1210-field_10_5\" name=\"wpforms[fields][10][]\" value=\"5\"  ><label class=\"wpforms-field-label-inline\" for=\"wpforms-1210-field_10_5\">5<\/label><\/li><\/ul><div class=\"wpforms-field-description\">Valore del 1 (excelente) al 5 (muy mal) las siguientes cuestiones<\/div><\/div><div id=\"wpforms-1210-field_12-container\" class=\"wpforms-field wpforms-field-checkbox wpforms-list-inline\" data-field-id=\"12\"><label class=\"wpforms-field-label\" for=\"wpforms-1210-field_12\">Presentaci\u00f3n de los platos<\/label><ul id=\"wpforms-1210-field_12\"><li class=\"choice-1 depth-1\"><input type=\"checkbox\" id=\"wpforms-1210-field_12_1\" name=\"wpforms[fields][12][]\" value=\"1\"  ><label class=\"wpforms-field-label-inline\" for=\"wpforms-1210-field_12_1\">1<\/label><\/li><li class=\"choice-2 depth-1\"><input type=\"checkbox\" id=\"wpforms-1210-field_12_2\" name=\"wpforms[fields][12][]\" value=\"2\"  ><label class=\"wpforms-field-label-inline\" for=\"wpforms-1210-field_12_2\">2<\/label><\/li><li class=\"choice-3 depth-1\"><input type=\"checkbox\" id=\"wpforms-1210-field_12_3\" name=\"wpforms[fields][12][]\" value=\"3\"  ><label class=\"wpforms-field-label-inline\" for=\"wpforms-1210-field_12_3\">3<\/label><\/li><li class=\"choice-4 depth-1\"><input type=\"checkbox\" id=\"wpforms-1210-field_12_4\" name=\"wpforms[fields][12][]\" value=\"4\"  ><label class=\"wpforms-field-label-inline\" for=\"wpforms-1210-field_12_4\">4<\/label><\/li><li class=\"choice-5 depth-1\"><input type=\"checkbox\" id=\"wpforms-1210-field_12_5\" name=\"wpforms[fields][12][]\" value=\"5\"  ><label class=\"wpforms-field-label-inline\" for=\"wpforms-1210-field_12_5\">5<\/label><\/li><\/ul><div class=\"wpforms-field-description\">Valore del 1 (excelente) al 5 (muy mal) las siguientes cuestiones<\/div><\/div><div id=\"wpforms-1210-field_11-container\" class=\"wpforms-field wpforms-field-checkbox wpforms-list-inline\" data-field-id=\"11\"><label class=\"wpforms-field-label\" for=\"wpforms-1210-field_11\">Variedad de la comida<\/label><ul id=\"wpforms-1210-field_11\"><li class=\"choice-1 depth-1\"><input type=\"checkbox\" id=\"wpforms-1210-field_11_1\" name=\"wpforms[fields][11][]\" value=\"1\"  ><label class=\"wpforms-field-label-inline\" for=\"wpforms-1210-field_11_1\">1<\/label><\/li><li class=\"choice-2 depth-1\"><input type=\"checkbox\" id=\"wpforms-1210-field_11_2\" name=\"wpforms[fields][11][]\" value=\"2\"  ><label class=\"wpforms-field-label-inline\" for=\"wpforms-1210-field_11_2\">2<\/label><\/li><li class=\"choice-3 depth-1\"><input type=\"checkbox\" id=\"wpforms-1210-field_11_3\" name=\"wpforms[fields][11][]\" value=\"3\"  ><label class=\"wpforms-field-label-inline\" for=\"wpforms-1210-field_11_3\">3<\/label><\/li><li class=\"choice-4 depth-1\"><input type=\"checkbox\" id=\"wpforms-1210-field_11_4\" name=\"wpforms[fields][11][]\" value=\"4\"  ><label class=\"wpforms-field-label-inline\" for=\"wpforms-1210-field_11_4\">4<\/label><\/li><li class=\"choice-5 depth-1\"><input type=\"checkbox\" id=\"wpforms-1210-field_11_5\" name=\"wpforms[fields][11][]\" value=\"5\"  ><label class=\"wpforms-field-label-inline\" for=\"wpforms-1210-field_11_5\">5<\/label><\/li><\/ul><div class=\"wpforms-field-description\">Valore del 1 (excelente) al 5 (muy mal) las siguientes cuestiones<\/div><\/div><div id=\"wpforms-1210-field_13-container\" class=\"wpforms-field wpforms-field-checkbox wpforms-list-inline\" data-field-id=\"13\"><label class=\"wpforms-field-label\" for=\"wpforms-1210-field_13\">Calidad de la comida<\/label><ul id=\"wpforms-1210-field_13\"><li class=\"choice-1 depth-1\"><input type=\"checkbox\" id=\"wpforms-1210-field_13_1\" name=\"wpforms[fields][13][]\" value=\"1\"  ><label class=\"wpforms-field-label-inline\" for=\"wpforms-1210-field_13_1\">1<\/label><\/li><li class=\"choice-2 depth-1\"><input type=\"checkbox\" id=\"wpforms-1210-field_13_2\" name=\"wpforms[fields][13][]\" value=\"2\"  ><label class=\"wpforms-field-label-inline\" for=\"wpforms-1210-field_13_2\">2<\/label><\/li><li class=\"choice-3 depth-1\"><input type=\"checkbox\" id=\"wpforms-1210-field_13_3\" name=\"wpforms[fields][13][]\" value=\"3\"  ><label class=\"wpforms-field-label-inline\" for=\"wpforms-1210-field_13_3\">3<\/label><\/li><li class=\"choice-4 depth-1\"><input type=\"checkbox\" id=\"wpforms-1210-field_13_4\" name=\"wpforms[fields][13][]\" value=\"4\"  ><label class=\"wpforms-field-label-inline\" for=\"wpforms-1210-field_13_4\">4<\/label><\/li><li class=\"choice-5 depth-1\"><input type=\"checkbox\" id=\"wpforms-1210-field_13_5\" name=\"wpforms[fields][13][]\" value=\"5\"  ><label class=\"wpforms-field-label-inline\" for=\"wpforms-1210-field_13_5\">5<\/label><\/li><\/ul><div class=\"wpforms-field-description\">Valore del 1 (excelente) al 5 (muy mal) las siguientes cuestiones<\/div><\/div><div id=\"wpforms-1210-field_14-container\" class=\"wpforms-field wpforms-field-checkbox wpforms-list-inline\" data-field-id=\"14\"><label class=\"wpforms-field-label\" for=\"wpforms-1210-field_14\">Rapidez y eficacia del servicio<\/label><ul id=\"wpforms-1210-field_14\"><li class=\"choice-1 depth-1\"><input type=\"checkbox\" id=\"wpforms-1210-field_14_1\" name=\"wpforms[fields][14][]\" value=\"1\"  ><label class=\"wpforms-field-label-inline\" for=\"wpforms-1210-field_14_1\">1<\/label><\/li><li class=\"choice-2 depth-1\"><input type=\"checkbox\" id=\"wpforms-1210-field_14_2\" name=\"wpforms[fields][14][]\" value=\"2\"  ><label class=\"wpforms-field-label-inline\" for=\"wpforms-1210-field_14_2\">2<\/label><\/li><li class=\"choice-3 depth-1\"><input type=\"checkbox\" id=\"wpforms-1210-field_14_3\" name=\"wpforms[fields][14][]\" value=\"3\"  ><label class=\"wpforms-field-label-inline\" for=\"wpforms-1210-field_14_3\">3<\/label><\/li><li class=\"choice-4 depth-1\"><input type=\"checkbox\" id=\"wpforms-1210-field_14_4\" name=\"wpforms[fields][14][]\" value=\"4\"  ><label class=\"wpforms-field-label-inline\" for=\"wpforms-1210-field_14_4\">4<\/label><\/li><li class=\"choice-5 depth-1\"><input type=\"checkbox\" id=\"wpforms-1210-field_14_5\" name=\"wpforms[fields][14][]\" value=\"5\"  ><label class=\"wpforms-field-label-inline\" for=\"wpforms-1210-field_14_5\">5<\/label><\/li><\/ul><div class=\"wpforms-field-description\">Valore del 1 (excelente) al 5 (muy mal) las siguientes cuestiones<\/div><\/div><div id=\"wpforms-1210-field_15-container\" class=\"wpforms-field wpforms-field-checkbox wpforms-list-inline\" data-field-id=\"15\"><label class=\"wpforms-field-label\" for=\"wpforms-1210-field_15\">Amabilidad y profesionalidad del personal<\/label><ul id=\"wpforms-1210-field_15\"><li class=\"choice-1 depth-1\"><input type=\"checkbox\" id=\"wpforms-1210-field_15_1\" name=\"wpforms[fields][15][]\" value=\"1\"  ><label class=\"wpforms-field-label-inline\" for=\"wpforms-1210-field_15_1\">1<\/label><\/li><li class=\"choice-2 depth-1\"><input type=\"checkbox\" id=\"wpforms-1210-field_15_2\" name=\"wpforms[fields][15][]\" value=\"2\"  ><label class=\"wpforms-field-label-inline\" for=\"wpforms-1210-field_15_2\">2<\/label><\/li><li class=\"choice-3 depth-1\"><input type=\"checkbox\" id=\"wpforms-1210-field_15_3\" name=\"wpforms[fields][15][]\" value=\"3\"  ><label class=\"wpforms-field-label-inline\" for=\"wpforms-1210-field_15_3\">3<\/label><\/li><li class=\"choice-4 depth-1\"><input type=\"checkbox\" id=\"wpforms-1210-field_15_4\" name=\"wpforms[fields][15][]\" value=\"4\"  ><label class=\"wpforms-field-label-inline\" for=\"wpforms-1210-field_15_4\">4<\/label><\/li><li class=\"choice-5 depth-1\"><input type=\"checkbox\" id=\"wpforms-1210-field_15_5\" name=\"wpforms[fields][15][]\" value=\"5\"  ><label class=\"wpforms-field-label-inline\" for=\"wpforms-1210-field_15_5\">5<\/label><\/li><\/ul><div class=\"wpforms-field-description\">Valore del 1 (excelente) al 5 (muy mal) las siguientes cuestiones<\/div><\/div><div id=\"wpforms-1210-field_16-container\" class=\"wpforms-field wpforms-field-checkbox wpforms-list-inline\" data-field-id=\"16\"><label class=\"wpforms-field-label\" for=\"wpforms-1210-field_16\">Relaci\u00f3n calidad-precio<\/label><ul id=\"wpforms-1210-field_16\"><li class=\"choice-1 depth-1\"><input type=\"checkbox\" id=\"wpforms-1210-field_16_1\" name=\"wpforms[fields][16][]\" value=\"1\"  ><label class=\"wpforms-field-label-inline\" for=\"wpforms-1210-field_16_1\">1<\/label><\/li><li class=\"choice-2 depth-1\"><input type=\"checkbox\" id=\"wpforms-1210-field_16_2\" name=\"wpforms[fields][16][]\" value=\"2\"  ><label class=\"wpforms-field-label-inline\" for=\"wpforms-1210-field_16_2\">2<\/label><\/li><li class=\"choice-3 depth-1\"><input type=\"checkbox\" id=\"wpforms-1210-field_16_3\" name=\"wpforms[fields][16][]\" value=\"3\"  ><label class=\"wpforms-field-label-inline\" for=\"wpforms-1210-field_16_3\">3<\/label><\/li><li class=\"choice-4 depth-1\"><input type=\"checkbox\" id=\"wpforms-1210-field_16_4\" name=\"wpforms[fields][16][]\" value=\"4\"  ><label class=\"wpforms-field-label-inline\" for=\"wpforms-1210-field_16_4\">4<\/label><\/li><li class=\"choice-5 depth-1\"><input type=\"checkbox\" id=\"wpforms-1210-field_16_5\" name=\"wpforms[fields][16][]\" value=\"5\"  ><label class=\"wpforms-field-label-inline\" for=\"wpforms-1210-field_16_5\">5<\/label><\/li><\/ul><div class=\"wpforms-field-description\">Valore del 1 (excelente) al 5 (muy mal) las siguientes cuestiones<\/div><\/div><div id=\"wpforms-1210-field_18-container\" class=\"wpforms-field wpforms-field-checkbox\" data-field-id=\"18\"><label class=\"wpforms-field-label\" for=\"wpforms-1210-field_18\">\u00bfEs la primera vez que come en este restaurante? <\/label><ul id=\"wpforms-1210-field_18\"><li class=\"choice-1 depth-1\"><input type=\"checkbox\" id=\"wpforms-1210-field_18_1\" name=\"wpforms[fields][18][]\" value=\"Si\"  ><label class=\"wpforms-field-label-inline\" for=\"wpforms-1210-field_18_1\">Si<\/label><\/li><li class=\"choice-2 depth-1\"><input type=\"checkbox\" id=\"wpforms-1210-field_18_2\" name=\"wpforms[fields][18][]\" value=\"No\"  ><label class=\"wpforms-field-label-inline\" for=\"wpforms-1210-field_18_2\">No<\/label><\/li><\/ul><\/div><div id=\"wpforms-1210-field_20-container\" class=\"wpforms-field wpforms-field-text\" data-field-id=\"20\"><label class=\"wpforms-field-label\" for=\"wpforms-1210-field_20\">\u00bfC\u00f3mo nos conoci\u00f3? (si fue a trav\u00e9s de Internet, detalle la p\u00e1gina web): <\/label><input type=\"text\" id=\"wpforms-1210-field_20\" class=\"wpforms-field-medium\" name=\"wpforms[fields][20]\" ><\/div><div id=\"wpforms-1210-field_21-container\" class=\"wpforms-field wpforms-field-text\" data-field-id=\"21\"><label class=\"wpforms-field-label\" for=\"wpforms-1210-field_21\">\u00bfCu\u00e1l fue el motivo para elegirnos?:<\/label><input type=\"text\" id=\"wpforms-1210-field_21\" class=\"wpforms-field-medium\" name=\"wpforms[fields][21]\" ><\/div><div id=\"wpforms-1210-field_19-container\" class=\"wpforms-field wpforms-field-checkbox\" data-field-id=\"19\"><label class=\"wpforms-field-label\" for=\"wpforms-1210-field_19\">\u00bfSe lo recomendar\u00eda a sus amigos o familiares? <\/label><ul id=\"wpforms-1210-field_19\"><li class=\"choice-1 depth-1\"><input type=\"checkbox\" id=\"wpforms-1210-field_19_1\" name=\"wpforms[fields][19][]\" value=\"Si\"  ><label class=\"wpforms-field-label-inline\" for=\"wpforms-1210-field_19_1\">Si<\/label><\/li><li class=\"choice-2 depth-1\"><input type=\"checkbox\" id=\"wpforms-1210-field_19_2\" name=\"wpforms[fields][19][]\" value=\"No\"  ><label class=\"wpforms-field-label-inline\" for=\"wpforms-1210-field_19_2\">No<\/label><\/li><\/ul><\/div><div id=\"wpforms-1210-field_23-container\" class=\"wpforms-field wpforms-field-checkbox\" data-field-id=\"23\"><label class=\"wpforms-field-label\" for=\"wpforms-1210-field_23\">\u00bfHa sido f\u00e1cil encontrarnos? <\/label><ul id=\"wpforms-1210-field_23\"><li class=\"choice-1 depth-1\"><input type=\"checkbox\" id=\"wpforms-1210-field_23_1\" name=\"wpforms[fields][23][]\" value=\"Si\"  ><label class=\"wpforms-field-label-inline\" for=\"wpforms-1210-field_23_1\">Si<\/label><\/li><li class=\"choice-2 depth-1\"><input type=\"checkbox\" id=\"wpforms-1210-field_23_2\" name=\"wpforms[fields][23][]\" value=\"No\"  ><label class=\"wpforms-field-label-inline\" for=\"wpforms-1210-field_23_2\">No<\/label><\/li><\/ul><\/div><div id=\"wpforms-1210-field_24-container\" class=\"wpforms-field wpforms-field-text\" data-field-id=\"24\"><label class=\"wpforms-field-label\" for=\"wpforms-1210-field_24\">Si responde \u201cNo\u201d, \u00bfcu\u00e1l ha sido el problema?<\/label><input type=\"text\" id=\"wpforms-1210-field_24\" class=\"wpforms-field-medium\" name=\"wpforms[fields][24]\" ><\/div><div id=\"wpforms-1210-field_26-container\" class=\"wpforms-field wpforms-field-text\" data-field-id=\"26\"><label class=\"wpforms-field-label\" for=\"wpforms-1210-field_26\">Lugar de procedencia (pa\u00eds\/provincia):<\/label><input type=\"text\" id=\"wpforms-1210-field_26\" class=\"wpforms-field-medium\" name=\"wpforms[fields][26]\" ><\/div><div id=\"wpforms-1210-field_25-container\" class=\"wpforms-field wpforms-field-number\" data-field-id=\"25\"><label class=\"wpforms-field-label\" for=\"wpforms-1210-field_25\">N\u00famero de personas con las que viaja<\/label><input type=\"number\" pattern=\"\\d*\" id=\"wpforms-1210-field_25\" class=\"wpforms-field-medium\" name=\"wpforms[fields][25]\" ><\/div><div id=\"wpforms-1210-field_17-container\" class=\"wpforms-field wpforms-field-textarea\" data-field-id=\"17\"><label class=\"wpforms-field-label\" for=\"wpforms-1210-field_17\">Sugerencias y comentarios para mejorar nuestros servicios y equipamiento:   <\/label><textarea id=\"wpforms-1210-field_17\" class=\"wpforms-field-medium\" name=\"wpforms[fields][17]\" ><\/textarea><\/div><div id=\"wpforms-1210-field_28-container\" class=\"wpforms-field wpforms-field-checkbox\" data-field-id=\"28\"><label class=\"wpforms-field-label\" for=\"wpforms-1210-field_28\">\u00bfHa visitado la Reserva de la Biosfera de Urdaibai?<\/label><ul id=\"wpforms-1210-field_28\"><li class=\"choice-1 depth-1\"><input type=\"checkbox\" id=\"wpforms-1210-field_28_1\" name=\"wpforms[fields][28][]\" value=\"Si\"  ><label class=\"wpforms-field-label-inline\" for=\"wpforms-1210-field_28_1\">Si<\/label><\/li><li class=\"choice-2 depth-1\"><input type=\"checkbox\" id=\"wpforms-1210-field_28_2\" name=\"wpforms[fields][28][]\" value=\"No\"  ><label class=\"wpforms-field-label-inline\" for=\"wpforms-1210-field_28_2\">No<\/label><\/li><\/ul><div class=\"wpforms-field-description\">Pregunta sobre la Reserva de la Biosfera de Urdaibai <\/div><\/div><div id=\"wpforms-1210-field_29-container\" class=\"wpforms-field wpforms-field-checkbox\" data-field-id=\"29\"><label class=\"wpforms-field-label\" for=\"wpforms-1210-field_29\">\u00bfSab\u00eda usted antes de acudir a este establecimiento que se encontraba en la Reserva de la Biosfera de Urdaibai?<\/label><ul id=\"wpforms-1210-field_29\"><li class=\"choice-1 depth-1\"><input type=\"checkbox\" id=\"wpforms-1210-field_29_1\" name=\"wpforms[fields][29][]\" value=\"Si\"  ><label class=\"wpforms-field-label-inline\" for=\"wpforms-1210-field_29_1\">Si<\/label><\/li><li class=\"choice-2 depth-1\"><input type=\"checkbox\" id=\"wpforms-1210-field_29_2\" name=\"wpforms[fields][29][]\" value=\"No\"  ><label class=\"wpforms-field-label-inline\" for=\"wpforms-1210-field_29_2\">No<\/label><\/li><\/ul><div class=\"wpforms-field-description\">Pregunta sobre la Reserva de la Biosfera de Urdaibai <\/div><\/div><div id=\"wpforms-1210-field_30-container\" class=\"wpforms-field wpforms-field-checkbox\" data-field-id=\"30\"><label class=\"wpforms-field-label\" for=\"wpforms-1210-field_30\">\u00bfVolver\u00eda usted a visitar la Reserva de la Biosfera de Urdaibai?<\/label><ul id=\"wpforms-1210-field_30\"><li class=\"choice-1 depth-1\"><input type=\"checkbox\" id=\"wpforms-1210-field_30_1\" name=\"wpforms[fields][30][]\" value=\"Si\"  ><label class=\"wpforms-field-label-inline\" for=\"wpforms-1210-field_30_1\">Si<\/label><\/li><li class=\"choice-2 depth-1\"><input type=\"checkbox\" id=\"wpforms-1210-field_30_2\" name=\"wpforms[fields][30][]\" value=\"No\"  ><label class=\"wpforms-field-label-inline\" for=\"wpforms-1210-field_30_2\">No<\/label><\/li><\/ul><div class=\"wpforms-field-description\">Pregunta sobre la Reserva de la Biosfera de Urdaibai <\/div><\/div><div id=\"wpforms-1210-field_31-container\" class=\"wpforms-field wpforms-field-checkbox wpforms-list-inline\" data-field-id=\"31\"><label class=\"wpforms-field-label\" for=\"wpforms-1210-field_31\">\u00bfC\u00f3mo valora la informaci\u00f3n recibida en este establecimiento sobre la Reserva de la Biosfera de Urdaibai?<\/label><ul id=\"wpforms-1210-field_31\"><li class=\"choice-1 depth-1\"><input type=\"checkbox\" id=\"wpforms-1210-field_31_1\" name=\"wpforms[fields][31][]\" value=\"1\"  ><label class=\"wpforms-field-label-inline\" for=\"wpforms-1210-field_31_1\">1<\/label><\/li><li class=\"choice-2 depth-1\"><input type=\"checkbox\" id=\"wpforms-1210-field_31_2\" name=\"wpforms[fields][31][]\" value=\"2\"  ><label class=\"wpforms-field-label-inline\" for=\"wpforms-1210-field_31_2\">2<\/label><\/li><li class=\"choice-3 depth-1\"><input type=\"checkbox\" id=\"wpforms-1210-field_31_3\" name=\"wpforms[fields][31][]\" value=\"3\"  ><label class=\"wpforms-field-label-inline\" for=\"wpforms-1210-field_31_3\">3<\/label><\/li><li class=\"choice-4 depth-1\"><input type=\"checkbox\" id=\"wpforms-1210-field_31_4\" name=\"wpforms[fields][31][]\" value=\"4\"  ><label class=\"wpforms-field-label-inline\" for=\"wpforms-1210-field_31_4\">4<\/label><\/li><li class=\"choice-5 depth-1\"><input type=\"checkbox\" id=\"wpforms-1210-field_31_5\" name=\"wpforms[fields][31][]\" value=\"5\"  ><label class=\"wpforms-field-label-inline\" for=\"wpforms-1210-field_31_5\">5<\/label><\/li><\/ul><div class=\"wpforms-field-description\">Valore del 1 (excelente) al 5 (muy mal) las siguientes cuestiones<\/div><\/div><\/div><div class=\"wpforms-submit-container\" ><input type=\"hidden\" name=\"wpforms[id]\" value=\"1210\"><input type=\"hidden\" name=\"wpforms[author]\" value=\"1\"><button type=\"submit\" name=\"wpforms[submit]\" class=\"wpforms-submit \" id=\"wpforms-submit-1210\" value=\"wpforms-submit\" aria-live=\"assertive\" data-alt-text=\"Enviando...\" data-submit-text=\"Enviar\">Enviar<\/button><\/div><\/form><\/div>  <!-- .wpforms-container -->","protected":false},"excerpt":{"rendered":"<p>Sorry, this entry is only available in European Spanish.<\/p>\n","protected":false},"author":1,"featured_media":0,"parent":0,"menu_order":0,"comment_status":"closed","ping_status":"closed","template":"","meta":[],"_links":{"self":[{"href":"http:\/\/www.restaurantemadaixagane.es\/en\/wp-json\/wp\/v2\/pages\/1211"}],"collection":[{"href":"http:\/\/www.restaurantemadaixagane.es\/en\/wp-json\/wp\/v2\/pages"}],"about":[{"href":"http:\/\/www.restaurantemadaixagane.es\/en\/wp-json\/wp\/v2\/types\/page"}],"author":[{"embeddable":true,"href":"http:\/\/www.restaurantemadaixagane.es\/en\/wp-json\/wp\/v2\/users\/1"}],"replies":[{"embeddable":true,"href":"http:\/\/www.restaurantemadaixagane.es\/en\/wp-json\/wp\/v2\/comments?post=1211"}],"version-history":[{"count":2,"href":"http:\/\/www.restaurantemadaixagane.es\/en\/wp-json\/wp\/v2\/pages\/1211\/revisions"}],"predecessor-version":[{"id":1213,"href":"http:\/\/www.restaurantemadaixagane.es\/en\/wp-json\/wp\/v2\/pages\/1211\/revisions\/1213"}],"wp:attachment":[{"href":"http:\/\/www.restaurantemadaixagane.es\/en\/wp-json\/wp\/v2\/media?parent=1211"}],"curies":[{"name":"wp","href":"https:\/\/api.w.org\/{rel}","templated":true}]}}